{"id":80,"date":"2025-07-25T08:18:42","date_gmt":"2025-07-25T08:18:42","guid":{"rendered":"https:\/\/proesport.es\/?page_id=80"},"modified":"2025-11-05T15:50:25","modified_gmt":"2025-11-05T15:50:25","slug":"contacto","status":"publish","type":"page","link":"https:\/\/proesport.es\/ca\/contacto\/","title":{"rendered":"Contacte"},"content":{"rendered":"","protected":false},"excerpt":{"rendered":"","protected":false},"author":1,"featured_media":0,"parent":0,"menu_order":0,"comment_status":"closed","ping_status":"closed","template":"","meta":{"footnotes":""},"class_list":["post-80","page","type-page","status-publish","hentry"],"yoast_head":"<!-- This site is optimized with the Yoast SEO plugin v26.3 - https:\/\/yoast.com\/wordpress\/plugins\/seo\/ -->\n<title>Contacto | Proesport - Asesor\u00eda para entidades deportivas<\/title>\n<meta name=\"description\" content=\"Contacta con Proesport. Asesor\u00eda en gesti\u00f3n, legal, finanzas, marketing y mantenimiento para tu club. Escr\u00edbenos ahora.\" \/>\n<meta name=\"robots\" content=\"noindex, nofollow\" \/>\n<meta property=\"og:locale\" content=\"ca_ES\" \/>\n<meta property=\"og:type\" content=\"article\" \/>\n<meta property=\"og:title\" content=\"Contacto | Proesport - Asesor\u00eda para entidades deportivas\" \/>\n<meta property=\"og:description\" content=\"Contacta con Proesport. Asesor\u00eda en gesti\u00f3n, legal, finanzas, marketing y mantenimiento para tu club. Escr\u00edbenos ahora.\" \/>\n<meta property=\"og:url\" content=\"https:\/\/proesport.es\/ca\/contacto\/\" \/>\n<meta property=\"og:site_name\" content=\"Proesport\" \/>\n<meta property=\"article:modified_time\" content=\"2025-11-05T15:50:25+00:00\" \/>\n<meta name=\"twitter:card\" content=\"summary_large_image\" \/>\n<meta name=\"twitter:label1\" content=\"Temps estimat de lectura\" \/>\n\t<meta name=\"twitter:data1\" content=\"1 minut\" \/>\n<script type=\"application\/ld+json\" class=\"yoast-schema-graph\">{\"@context\":\"https:\/\/schema.org\",\"@graph\":[{\"@type\":\"WebPage\",\"@id\":\"https:\/\/proesport.es\/contacto\/\",\"url\":\"https:\/\/proesport.es\/contacto\/\",\"name\":\"Contacto | Proesport - Asesor\u00eda para entidades deportivas\",\"isPartOf\":{\"@id\":\"https:\/\/proesport.es\/#website\"},\"datePublished\":\"2025-07-25T08:18:42+00:00\",\"dateModified\":\"2025-11-05T15:50:25+00:00\",\"description\":\"Contacta con Proesport. Asesor\u00eda en gesti\u00f3n, legal, finanzas, marketing y mantenimiento para tu club. Escr\u00edbenos ahora.\",\"breadcrumb\":{\"@id\":\"https:\/\/proesport.es\/contacto\/#breadcrumb\"},\"inLanguage\":\"ca\",\"potentialAction\":[{\"@type\":\"ReadAction\",\"target\":[\"https:\/\/proesport.es\/contacto\/\"]}]},{\"@type\":\"BreadcrumbList\",\"@id\":\"https:\/\/proesport.es\/contacto\/#breadcrumb\",\"itemListElement\":[{\"@type\":\"ListItem\",\"position\":1,\"name\":\"Portada\",\"item\":\"https:\/\/proesport.es\/\"},{\"@type\":\"ListItem\",\"position\":2,\"name\":\"Contacto\"}]},{\"@type\":\"WebSite\",\"@id\":\"https:\/\/proesport.es\/#website\",\"url\":\"https:\/\/proesport.es\/\",\"name\":\"Proesport\",\"description\":\"Asesoramiento Integral Deportivo\",\"alternateName\":\"Proesport\",\"potentialAction\":[{\"@type\":\"SearchAction\",\"target\":{\"@type\":\"EntryPoint\",\"urlTemplate\":\"https:\/\/proesport.es\/?s={search_term_string}\"},\"query-input\":{\"@type\":\"PropertyValueSpecification\",\"valueRequired\":true,\"valueName\":\"search_term_string\"}}],\"inLanguage\":\"ca\"}]}<\/script>\n<!-- \/ Yoast SEO plugin. -->","yoast_head_json":{"title":"Contacto | Proesport - Asesor\u00eda para entidades deportivas","description":"Contacta con Proesport. Asesor\u00eda en gesti\u00f3n, legal, finanzas, marketing y mantenimiento para tu club. Escr\u00edbenos ahora.","robots":{"index":"noindex","follow":"nofollow"},"og_locale":"ca_ES","og_type":"article","og_title":"Contacto | Proesport - Asesor\u00eda para entidades deportivas","og_description":"Contacta con Proesport. Asesor\u00eda en gesti\u00f3n, legal, finanzas, marketing y mantenimiento para tu club. Escr\u00edbenos ahora.","og_url":"https:\/\/proesport.es\/ca\/contacto\/","og_site_name":"Proesport","article_modified_time":"2025-11-05T15:50:25+00:00","twitter_card":"summary_large_image","twitter_misc":{"Temps estimat de lectura":"1 minut"},"schema":{"@context":"https:\/\/schema.org","@graph":[{"@type":"WebPage","@id":"https:\/\/proesport.es\/contacto\/","url":"https:\/\/proesport.es\/contacto\/","name":"Contacto | Proesport - Asesor\u00eda para entidades deportivas","isPartOf":{"@id":"https:\/\/proesport.es\/#website"},"datePublished":"2025-07-25T08:18:42+00:00","dateModified":"2025-11-05T15:50:25+00:00","description":"Contacta con Proesport. Asesor\u00eda en gesti\u00f3n, legal, finanzas, marketing y mantenimiento para tu club. Escr\u00edbenos ahora.","breadcrumb":{"@id":"https:\/\/proesport.es\/contacto\/#breadcrumb"},"inLanguage":"ca","potentialAction":[{"@type":"ReadAction","target":["https:\/\/proesport.es\/contacto\/"]}]},{"@type":"BreadcrumbList","@id":"https:\/\/proesport.es\/contacto\/#breadcrumb","itemListElement":[{"@type":"ListItem","position":1,"name":"Portada","item":"https:\/\/proesport.es\/"},{"@type":"ListItem","position":2,"name":"Contacto"}]},{"@type":"WebSite","@id":"https:\/\/proesport.es\/#website","url":"https:\/\/proesport.es\/","name":"Proesport","description":"Asesoramiento Integral Deportivo","alternateName":"Proesport","potentialAction":[{"@type":"SearchAction","target":{"@type":"EntryPoint","urlTemplate":"https:\/\/proesport.es\/?s={search_term_string}"},"query-input":{"@type":"PropertyValueSpecification","valueRequired":true,"valueName":"search_term_string"}}],"inLanguage":"ca"}]}},"_links":{"self":[{"href":"https:\/\/proesport.es\/ca\/wp-json\/wp\/v2\/pages\/80","targetHints":{"allow":["GET"]}}],"collection":[{"href":"https:\/\/proesport.es\/ca\/wp-json\/wp\/v2\/pages"}],"about":[{"href":"https:\/\/proesport.es\/ca\/wp-json\/wp\/v2\/types\/page"}],"author":[{"embeddable":true,"href":"https:\/\/proesport.es\/ca\/wp-json\/wp\/v2\/users\/1"}],"replies":[{"embeddable":true,"href":"https:\/\/proesport.es\/ca\/wp-json\/wp\/v2\/comments?post=80"}],"version-history":[{"count":50,"href":"https:\/\/proesport.es\/ca\/wp-json\/wp\/v2\/pages\/80\/revisions"}],"predecessor-version":[{"id":3655,"href":"https:\/\/proesport.es\/ca\/wp-json\/wp\/v2\/pages\/80\/revisions\/3655"}],"wp:attachment":[{"href":"https:\/\/proesport.es\/ca\/wp-json\/wp\/v2\/media?parent=80"}],"curies":[{"name":"wp","href":"https:\/\/api.w.org\/{rel}","templated":true}]}}