{"id":72,"date":"2025-07-25T08:18:03","date_gmt":"2025-07-25T08:18:03","guid":{"rendered":"https:\/\/proesport.es\/?page_id=72"},"modified":"2025-10-21T12:20:54","modified_gmt":"2025-10-21T12:20:54","slug":"metodologia","status":"publish","type":"page","link":"https:\/\/proesport.es\/ca\/metodologia\/","title":{"rendered":"Metodologia"},"content":{"rendered":"","protected":false},"excerpt":{"rendered":"","protected":false},"author":1,"featured_media":0,"parent":0,"menu_order":0,"comment_status":"closed","ping_status":"closed","template":"","meta":{"footnotes":""},"class_list":["post-72","page","type-page","status-publish","hentry"],"yoast_head":"<!-- This site is optimized with the Yoast SEO plugin v26.3 - https:\/\/yoast.com\/wordpress\/plugins\/seo\/ -->\n<title>Metodolog\u00eda | Proesport - Metodolog\u00eda en 4 fases para clubes deportivos<\/title>\n<meta name=\"description\" content=\"Metodolog\u00eda en 4 fases para entidades deportivas: diagn\u00f3stico 360\u00ba, objetivos, plan de acci\u00f3n y seguimiento. Con seguridad y eficacia.\" \/>\n<meta name=\"robots\" content=\"index, follow, max-snippet:-1, max-image-preview:large, max-video-preview:-1\" \/>\n<link rel=\"canonical\" href=\"https:\/\/proesport.es\/ca\/metodologia\/\" \/>\n<meta property=\"og:locale\" content=\"ca_ES\" \/>\n<meta property=\"og:type\" content=\"article\" \/>\n<meta property=\"og:title\" content=\"Metodolog\u00eda | Proesport - Metodolog\u00eda en 4 fases para clubes deportivos\" \/>\n<meta property=\"og:description\" content=\"Metodolog\u00eda en 4 fases para entidades deportivas: diagn\u00f3stico 360\u00ba, objetivos, plan de acci\u00f3n y seguimiento. Con seguridad y eficacia.\" \/>\n<meta property=\"og:url\" content=\"https:\/\/proesport.es\/ca\/metodologia\/\" \/>\n<meta property=\"og:site_name\" content=\"Proesport\" \/>\n<meta property=\"article:modified_time\" content=\"2025-10-21T12:20:54+00:00\" \/>\n<meta name=\"twitter:card\" content=\"summary_large_image\" \/>\n<meta name=\"twitter:label1\" content=\"Temps estimat de lectura\" \/>\n\t<meta name=\"twitter:data1\" content=\"2 minuts\" \/>\n<script type=\"application\/ld+json\" class=\"yoast-schema-graph\">{\"@context\":\"https:\/\/schema.org\",\"@graph\":[{\"@type\":\"WebPage\",\"@id\":\"https:\/\/proesport.es\/metodologia\/\",\"url\":\"https:\/\/proesport.es\/metodologia\/\",\"name\":\"Metodolog\u00eda | Proesport - Metodolog\u00eda en 4 fases para clubes deportivos\",\"isPartOf\":{\"@id\":\"https:\/\/proesport.es\/#website\"},\"datePublished\":\"2025-07-25T08:18:03+00:00\",\"dateModified\":\"2025-10-21T12:20:54+00:00\",\"description\":\"Metodolog\u00eda en 4 fases para entidades deportivas: diagn\u00f3stico 360\u00ba, objetivos, plan de acci\u00f3n y seguimiento. Con seguridad y eficacia.\",\"breadcrumb\":{\"@id\":\"https:\/\/proesport.es\/metodologia\/#breadcrumb\"},\"inLanguage\":\"ca\",\"potentialAction\":[{\"@type\":\"ReadAction\",\"target\":[\"https:\/\/proesport.es\/metodologia\/\"]}]},{\"@type\":\"BreadcrumbList\",\"@id\":\"https:\/\/proesport.es\/metodologia\/#breadcrumb\",\"itemListElement\":[{\"@type\":\"ListItem\",\"position\":1,\"name\":\"Portada\",\"item\":\"https:\/\/proesport.es\/\"},{\"@type\":\"ListItem\",\"position\":2,\"name\":\"Metodolog\u00eda\"}]},{\"@type\":\"WebSite\",\"@id\":\"https:\/\/proesport.es\/#website\",\"url\":\"https:\/\/proesport.es\/\",\"name\":\"Proesport\",\"description\":\"Asesoramiento Integral Deportivo\",\"alternateName\":\"Proesport\",\"potentialAction\":[{\"@type\":\"SearchAction\",\"target\":{\"@type\":\"EntryPoint\",\"urlTemplate\":\"https:\/\/proesport.es\/?s={search_term_string}\"},\"query-input\":{\"@type\":\"PropertyValueSpecification\",\"valueRequired\":true,\"valueName\":\"search_term_string\"}}],\"inLanguage\":\"ca\"}]}<\/script>\n<!-- \/ Yoast SEO plugin. -->","yoast_head_json":{"title":"Metodolog\u00eda | Proesport - Metodolog\u00eda en 4 fases para clubes deportivos","description":"Metodolog\u00eda en 4 fases para entidades deportivas: diagn\u00f3stico 360\u00ba, objetivos, plan de acci\u00f3n y seguimiento. Con seguridad y eficacia.","robots":{"index":"index","follow":"follow","max-snippet":"max-snippet:-1","max-image-preview":"max-image-preview:large","max-video-preview":"max-video-preview:-1"},"canonical":"https:\/\/proesport.es\/ca\/metodologia\/","og_locale":"ca_ES","og_type":"article","og_title":"Metodolog\u00eda | Proesport - Metodolog\u00eda en 4 fases para clubes deportivos","og_description":"Metodolog\u00eda en 4 fases para entidades deportivas: diagn\u00f3stico 360\u00ba, objetivos, plan de acci\u00f3n y seguimiento. Con seguridad y eficacia.","og_url":"https:\/\/proesport.es\/ca\/metodologia\/","og_site_name":"Proesport","article_modified_time":"2025-10-21T12:20:54+00:00","twitter_card":"summary_large_image","twitter_misc":{"Temps estimat de lectura":"2 minuts"},"schema":{"@context":"https:\/\/schema.org","@graph":[{"@type":"WebPage","@id":"https:\/\/proesport.es\/metodologia\/","url":"https:\/\/proesport.es\/metodologia\/","name":"Metodolog\u00eda | Proesport - Metodolog\u00eda en 4 fases para clubes deportivos","isPartOf":{"@id":"https:\/\/proesport.es\/#website"},"datePublished":"2025-07-25T08:18:03+00:00","dateModified":"2025-10-21T12:20:54+00:00","description":"Metodolog\u00eda en 4 fases para entidades deportivas: diagn\u00f3stico 360\u00ba, objetivos, plan de acci\u00f3n y seguimiento. Con seguridad y eficacia.","breadcrumb":{"@id":"https:\/\/proesport.es\/metodologia\/#breadcrumb"},"inLanguage":"ca","potentialAction":[{"@type":"ReadAction","target":["https:\/\/proesport.es\/metodologia\/"]}]},{"@type":"BreadcrumbList","@id":"https:\/\/proesport.es\/metodologia\/#breadcrumb","itemListElement":[{"@type":"ListItem","position":1,"name":"Portada","item":"https:\/\/proesport.es\/"},{"@type":"ListItem","position":2,"name":"Metodolog\u00eda"}]},{"@type":"WebSite","@id":"https:\/\/proesport.es\/#website","url":"https:\/\/proesport.es\/","name":"Proesport","description":"Asesoramiento Integral Deportivo","alternateName":"Proesport","potentialAction":[{"@type":"SearchAction","target":{"@type":"EntryPoint","urlTemplate":"https:\/\/proesport.es\/?s={search_term_string}"},"query-input":{"@type":"PropertyValueSpecification","valueRequired":true,"valueName":"search_term_string"}}],"inLanguage":"ca"}]}},"_links":{"self":[{"href":"https:\/\/proesport.es\/ca\/wp-json\/wp\/v2\/pages\/72","targetHints":{"allow":["GET"]}}],"collection":[{"href":"https:\/\/proesport.es\/ca\/wp-json\/wp\/v2\/pages"}],"about":[{"href":"https:\/\/proesport.es\/ca\/wp-json\/wp\/v2\/types\/page"}],"author":[{"embeddable":true,"href":"https:\/\/proesport.es\/ca\/wp-json\/wp\/v2\/users\/1"}],"replies":[{"embeddable":true,"href":"https:\/\/proesport.es\/ca\/wp-json\/wp\/v2\/comments?post=72"}],"version-history":[{"count":78,"href":"https:\/\/proesport.es\/ca\/wp-json\/wp\/v2\/pages\/72\/revisions"}],"predecessor-version":[{"id":3602,"href":"https:\/\/proesport.es\/ca\/wp-json\/wp\/v2\/pages\/72\/revisions\/3602"}],"wp:attachment":[{"href":"https:\/\/proesport.es\/ca\/wp-json\/wp\/v2\/media?parent=72"}],"curies":[{"name":"wp","href":"https:\/\/api.w.org\/{rel}","templated":true}]}}