{"id":707,"date":"2025-07-29T07:14:02","date_gmt":"2025-07-29T07:14:02","guid":{"rendered":"https:\/\/proesport.es\/?page_id=707"},"modified":"2025-09-24T11:11:01","modified_gmt":"2025-09-24T11:11:01","slug":"politica-de-cookies","status":"publish","type":"page","link":"https:\/\/proesport.es\/ca\/politica-de-cookies\/","title":{"rendered":"Pol\u00edtica de Cookies"},"content":{"rendered":"<p>De conformidad con la normativa espa\u00f1ola que regula el uso de cookies en relaci\u00f3n a la prestaci\u00f3n de servicios de comunicaciones electr\u00f3nicas, recogida en el Real Decreto-ley 13\/2012 del 30 de marzo, le informamos sobre las cookies utilizadas en el sitio web <strong><a href=\"http:\/\/www.proesport.es\/\">www.proesport.es<\/a><\/strong>, en adelante, el \u201cSitio Web\u201d, y el motivo de su uso.<\/p>\n\n\n\n<p>Asimismo, <strong>David Valeriano Torres<\/strong> le informa de que al navegar en el Sitio Web usted est\u00e1 prestando su consentimiento para poder utilizarlas.<\/p>\n\n\n\n<h3 class=\"wp-block-heading\">\u00bfQu\u00e9 son las cookies y para qu\u00e9 se utilizan?<\/h3>\n\n\n\n<p>Una cookie es un fichero que se descarga en su ordenador, tablet, smartphone o cualquier otro dispositivo al acceder a determinadas p\u00e1ginas web.<\/p>\n\n\n\n<p>Las cookies permiten a una p\u00e1gina web, entre otras cosas, almacenar y recuperar informaci\u00f3n sobre los h\u00e1bitos de navegaci\u00f3n de un usuario o de su equipo y, dependiendo de la informaci\u00f3n que contengan y de la forma en que utilice su equipo, pueden utilizarse para reconocer al usuario.<\/p>\n\n\n\n<p>En ning\u00fan caso las cookies podr\u00edan da\u00f1ar su equipo. Por el contrario, el hecho de que est\u00e9n activas nos ayuda a identificar y resolver posibles errores.<\/p>\n\n\n\n<h3 class=\"wp-block-heading\">Identificaci\u00f3n de cookies<\/h3>\n\n\n\n<p>A continuaci\u00f3n, se realiza una clasificaci\u00f3n de las cookies en funci\u00f3n de una serie de categor\u00edas. No obstante, es necesario tener en cuenta que una misma cookie puede estar incluida en m\u00e1s de una categor\u00eda.<\/p>\n\n\n\n<h4 class=\"wp-block-heading\">Tipos de cookies seg\u00fan la entidad que las gestiona<\/h4>\n\n\n\n<ul class=\"wp-block-list\">\n<li><strong>Cookies propias<\/strong>: Son aquellas que se env\u00edan al equipo terminal del usuario desde un equipo o dominio gestionado por el propio editor y desde el que se presta el servicio solicitado por el usuario.<br>En nuestro caso: <em>euCookie<\/em> y <em>cookie de sesi\u00f3n<\/em>.<\/li>\n\n\n\n<li><strong>Cookies de terceros<\/strong>: Son aquellas que se env\u00edan al equipo terminal del usuario desde un equipo o dominio que no es gestionado por el editor, sino por otra entidad que trata los datos obtenidos a trav\u00e9s de las cookies.<br>En este caso tratamos: <em>_ga, _gid y _gat<\/em>.<\/li>\n<\/ul>\n\n\n\n<p>En el caso de que las cookies sean instaladas desde un equipo o dominio gestionado por el propio editor, pero la informaci\u00f3n que se recoja mediante estas sea gestionada por un tercero, no pueden ser consideradas como cookies propias.<\/p>\n\n\n\n<h4 class=\"wp-block-heading\">Tipos de cookies seg\u00fan el plazo de tiempo que permanecen activadas<\/h4>\n\n\n\n<ul class=\"wp-block-list\">\n<li><strong>Cookies de sesi\u00f3n<\/strong>: dise\u00f1adas para recabar y almacenar datos mientras el usuario accede a una p\u00e1gina web. Se emplean para almacenar informaci\u00f3n que solo interesa conservar para la prestaci\u00f3n del servicio solicitado por el usuario en una sola ocasi\u00f3n.<\/li>\n\n\n\n<li><strong>Cookies persistentes<\/strong>: en las que los datos siguen almacenados en el terminal y pueden ser accedidos y tratados durante un periodo definido por el responsable de la cookie, que puede ir de unos minutos a varios a\u00f1os.<\/li>\n<\/ul>\n\n\n\n<h4 class=\"wp-block-heading\">Tipos de cookies seg\u00fan su finalidad<\/h4>\n\n\n\n<ul class=\"wp-block-list\">\n<li><strong>Cookies t\u00e9cnicas<\/strong>: permiten al usuario la navegaci\u00f3n a trav\u00e9s de una p\u00e1gina web, plataforma o aplicaci\u00f3n y la utilizaci\u00f3n de las diferentes opciones o servicios que en ella existan, como controlar el tr\u00e1fico y la comunicaci\u00f3n de datos, identificar la sesi\u00f3n, acceder a partes de acceso restringido, recordar elementos que integran un pedido, realizar el proceso de compra de un pedido, realizar la solicitud de inscripci\u00f3n o participaci\u00f3n en un evento, utilizar elementos de seguridad durante la navegaci\u00f3n, almacenar contenidos para la difusi\u00f3n de v\u00eddeos o sonido o compartir contenidos a trav\u00e9s de redes sociales.<\/li>\n\n\n\n<li><strong>Cookies de personalizaci\u00f3n<\/strong>: permiten al usuario acceder al servicio con algunas caracter\u00edsticas de car\u00e1cter general predefinidas en funci\u00f3n de una serie de criterios en el terminal del usuario, como el idioma, el tipo de navegador a trav\u00e9s del cual accede al servicio o la configuraci\u00f3n regional desde donde accede al servicio.<\/li>\n\n\n\n<li><strong>Cookies de an\u00e1lisis<\/strong>: permiten al responsable de las mismas el seguimiento y an\u00e1lisis del comportamiento de los usuarios de los sitios web a los que est\u00e1n vinculadas. La informaci\u00f3n recogida mediante este tipo de cookies se utiliza en la medici\u00f3n de la actividad de los sitios web, aplicaciones o plataformas y para la elaboraci\u00f3n de perfiles de navegaci\u00f3n de los usuarios de dichos sitios, aplicaciones y plataformas, con el fin de introducir mejoras en funci\u00f3n del an\u00e1lisis de los datos de uso que hacen los usuarios del servicio.<\/li>\n\n\n\n<li><strong>Cookies publicitarias<\/strong>: permiten la gesti\u00f3n, de la forma m\u00e1s eficaz posible, de los espacios publicitarios que, en su caso, el editor haya incluido en una p\u00e1gina web, aplicaci\u00f3n o plataforma desde la que presta el servicio solicitado, con base en criterios como el contenido editado o la frecuencia en la que se muestran los anuncios.<\/li>\n\n\n\n<li><strong>Cookies de publicidad comportamental<\/strong>: permiten la gesti\u00f3n, de la forma m\u00e1s eficaz posible, de los espacios publicitarios que, en su caso, el editor haya incluido en una p\u00e1gina web, aplicaci\u00f3n o plataforma desde la que presta el servicio solicitado. Estas cookies almacenan informaci\u00f3n del comportamiento de los usuarios obtenida a trav\u00e9s de la observaci\u00f3n continuada de sus h\u00e1bitos de navegaci\u00f3n, lo que permite desarrollar un perfil espec\u00edfico para mostrar publicidad en funci\u00f3n del mismo.<\/li>\n<\/ul>\n\n\n\n<h3 class=\"wp-block-heading\">Cookies utilizadas en este Sitio Web<\/h3>\n\n\n\n<p>Las cookies utilizadas en nuestro Sitio Web son propias y de terceros, y nos permiten almacenar y acceder a informaci\u00f3n relativa al idioma, el tipo de navegador utilizado y a otras caracter\u00edsticas generales predefinidas por el usuario, as\u00ed como seguir y analizar la actividad que lleva a cabo, con el objeto de introducir mejoras y prestar nuestros servicios de una manera m\u00e1s eficiente y personalizada.<\/p>\n\n\n\n<p><strong>David Valeriano Torres<\/strong> no utiliza cookies publicitarias ni de publicidad comportamental.<\/p>\n\n\n\n<p>La utilizaci\u00f3n de las cookies ofrece numerosas ventajas en la prestaci\u00f3n de servicios de la Sociedad de la Informaci\u00f3n, puesto que, entre otras:<\/p>\n\n\n\n<ol class=\"wp-block-list\">\n<li>Facilita al usuario la navegaci\u00f3n en el Sitio Web y el acceso a los diferentes servicios que ofrece.<\/li>\n\n\n\n<li>Evita al usuario configurar las caracter\u00edsticas generales predefinidas cada vez que accede al Sitio Web.<\/li>\n\n\n\n<li>Favorece la mejora del funcionamiento y de los servicios prestados a trav\u00e9s del Sitio Web, tras el correspondiente an\u00e1lisis de la informaci\u00f3n obtenida a trav\u00e9s de las cookies instaladas.<\/li>\n<\/ol>\n\n\n\n<p>En <strong>David Valeriano Torres<\/strong> no recopilamos ni guardamos informaci\u00f3n personal (por ejemplo, nombre o direcci\u00f3n) por lo que esta informaci\u00f3n no puede ser utilizada para identificarle.<\/p>\n\n\n\n<h3 class=\"wp-block-heading\">Configuraci\u00f3n del navegador<\/h3>\n\n\n\n<p>No obstante, puede configurar su navegador, aceptando o rechazando todas las cookies, o bien seleccionar aquellas cuya instalaci\u00f3n admite y cu\u00e1les no, siguiendo uno de los siguientes procedimientos, dependiendo del navegador utilizado:<\/p>\n\n\n\n<ul class=\"wp-block-list\">\n<li>Google Chrome<\/li>\n\n\n\n<li>Mozilla Firefox<\/li>\n\n\n\n<li>Internet Explorer<\/li>\n\n\n\n<li>Safari<\/li>\n\n\n\n<li>Opera<\/li>\n\n\n\n<li>Internet Explorer (Windows Phone)<\/li>\n\n\n\n<li>Safari para iOS (iPhone y iPad)<\/li>\n\n\n\n<li>Chrome para Android<\/li>\n<\/ul>\n\n\n\n<h3 class=\"wp-block-heading\">Revisi\u00f3n<\/h3>\n\n\n\n<p>La lista expresada en esta pol\u00edtica est\u00e1 relacionada en fecha <strong>15 de marzo de 2019<\/strong> y ser\u00e1 actualizada cada vez que se introduzcan cambios, ya sean t\u00e9cnicos o legislativos.<\/p>","protected":false},"excerpt":{"rendered":"<p>De conformidad con la normativa espa\u00f1ola que regula el uso de cookies en relaci\u00f3n a la prestaci\u00f3n de servicios de comunicaciones electr\u00f3nicas, recogida en el Real Decreto-ley 13\/2012 del 30 de marzo, le informamos sobre las cookies utilizadas en el sitio web www.proesport.es, en adelante, el \u201cSitio Web\u201d, y el motivo de su uso. Asimismo, [&hellip;]<\/p>","protected":false},"author":1,"featured_media":0,"parent":0,"menu_order":0,"comment_status":"closed","ping_status":"closed","template":"","meta":{"footnotes":""},"class_list":["post-707","page","type-page","status-publish","hentry"],"yoast_head":"<!-- This site is optimized with the Yoast SEO plugin v26.3 - https:\/\/yoast.com\/wordpress\/plugins\/seo\/ -->\n<title>Pol\u00edtica de Cookies | Proesport<\/title>\n<meta name=\"robots\" content=\"noindex, nofollow\" \/>\n<meta property=\"og:locale\" content=\"ca_ES\" \/>\n<meta property=\"og:type\" content=\"article\" \/>\n<meta property=\"og:title\" content=\"Pol\u00edtica de Cookies | Proesport\" \/>\n<meta property=\"og:description\" content=\"De conformidad con la normativa espa\u00f1ola que regula el uso de cookies en relaci\u00f3n a la prestaci\u00f3n de servicios de comunicaciones electr\u00f3nicas, recogida en el Real Decreto-ley 13\/2012 del 30 de marzo, le informamos sobre las cookies utilizadas en el sitio web www.proesport.es, en adelante, el \u201cSitio Web\u201d, y el motivo de su uso. Asimismo, [&hellip;]\" \/>\n<meta property=\"og:url\" content=\"https:\/\/proesport.es\/ca\/politica-de-cookies\/\" \/>\n<meta property=\"og:site_name\" content=\"Proesport\" \/>\n<meta property=\"article:modified_time\" content=\"2025-09-24T11:11:01+00:00\" \/>\n<meta name=\"twitter:card\" content=\"summary_large_image\" \/>\n<meta name=\"twitter:label1\" content=\"Temps estimat de lectura\" \/>\n\t<meta name=\"twitter:data1\" content=\"6 minuts\" \/>\n<script type=\"application\/ld+json\" class=\"yoast-schema-graph\">{\"@context\":\"https:\/\/schema.org\",\"@graph\":[{\"@type\":\"WebPage\",\"@id\":\"https:\/\/proesport.es\/politica-de-cookies\/\",\"url\":\"https:\/\/proesport.es\/politica-de-cookies\/\",\"name\":\"Pol\u00edtica de Cookies | Proesport\",\"isPartOf\":{\"@id\":\"https:\/\/proesport.es\/#website\"},\"datePublished\":\"2025-07-29T07:14:02+00:00\",\"dateModified\":\"2025-09-24T11:11:01+00:00\",\"breadcrumb\":{\"@id\":\"https:\/\/proesport.es\/politica-de-cookies\/#breadcrumb\"},\"inLanguage\":\"ca\",\"potentialAction\":[{\"@type\":\"ReadAction\",\"target\":[\"https:\/\/proesport.es\/politica-de-cookies\/\"]}]},{\"@type\":\"BreadcrumbList\",\"@id\":\"https:\/\/proesport.es\/politica-de-cookies\/#breadcrumb\",\"itemListElement\":[{\"@type\":\"ListItem\",\"position\":1,\"name\":\"Portada\",\"item\":\"https:\/\/proesport.es\/\"},{\"@type\":\"ListItem\",\"position\":2,\"name\":\"Pol\u00edtica de Cookies\"}]},{\"@type\":\"WebSite\",\"@id\":\"https:\/\/proesport.es\/#website\",\"url\":\"https:\/\/proesport.es\/\",\"name\":\"Proesport\",\"description\":\"Asesoramiento Integral Deportivo\",\"alternateName\":\"Proesport\",\"potentialAction\":[{\"@type\":\"SearchAction\",\"target\":{\"@type\":\"EntryPoint\",\"urlTemplate\":\"https:\/\/proesport.es\/?s={search_term_string}\"},\"query-input\":{\"@type\":\"PropertyValueSpecification\",\"valueRequired\":true,\"valueName\":\"search_term_string\"}}],\"inLanguage\":\"ca\"}]}<\/script>\n<!-- \/ Yoast SEO plugin. -->","yoast_head_json":{"title":"Pol\u00edtica de Cookies | Proesport","robots":{"index":"noindex","follow":"nofollow"},"og_locale":"ca_ES","og_type":"article","og_title":"Pol\u00edtica de Cookies | Proesport","og_description":"De conformidad con la normativa espa\u00f1ola que regula el uso de cookies en relaci\u00f3n a la prestaci\u00f3n de servicios de comunicaciones electr\u00f3nicas, recogida en el Real Decreto-ley 13\/2012 del 30 de marzo, le informamos sobre las cookies utilizadas en el sitio web www.proesport.es, en adelante, el \u201cSitio Web\u201d, y el motivo de su uso. Asimismo, [&hellip;]","og_url":"https:\/\/proesport.es\/ca\/politica-de-cookies\/","og_site_name":"Proesport","article_modified_time":"2025-09-24T11:11:01+00:00","twitter_card":"summary_large_image","twitter_misc":{"Temps estimat de lectura":"6 minuts"},"schema":{"@context":"https:\/\/schema.org","@graph":[{"@type":"WebPage","@id":"https:\/\/proesport.es\/politica-de-cookies\/","url":"https:\/\/proesport.es\/politica-de-cookies\/","name":"Pol\u00edtica de Cookies | Proesport","isPartOf":{"@id":"https:\/\/proesport.es\/#website"},"datePublished":"2025-07-29T07:14:02+00:00","dateModified":"2025-09-24T11:11:01+00:00","breadcrumb":{"@id":"https:\/\/proesport.es\/politica-de-cookies\/#breadcrumb"},"inLanguage":"ca","potentialAction":[{"@type":"ReadAction","target":["https:\/\/proesport.es\/politica-de-cookies\/"]}]},{"@type":"BreadcrumbList","@id":"https:\/\/proesport.es\/politica-de-cookies\/#breadcrumb","itemListElement":[{"@type":"ListItem","position":1,"name":"Portada","item":"https:\/\/proesport.es\/"},{"@type":"ListItem","position":2,"name":"Pol\u00edtica de Cookies"}]},{"@type":"WebSite","@id":"https:\/\/proesport.es\/#website","url":"https:\/\/proesport.es\/","name":"Proesport","description":"Asesoramiento Integral Deportivo","alternateName":"Proesport","potentialAction":[{"@type":"SearchAction","target":{"@type":"EntryPoint","urlTemplate":"https:\/\/proesport.es\/?s={search_term_string}"},"query-input":{"@type":"PropertyValueSpecification","valueRequired":true,"valueName":"search_term_string"}}],"inLanguage":"ca"}]}},"_links":{"self":[{"href":"https:\/\/proesport.es\/ca\/wp-json\/wp\/v2\/pages\/707","targetHints":{"allow":["GET"]}}],"collection":[{"href":"https:\/\/proesport.es\/ca\/wp-json\/wp\/v2\/pages"}],"about":[{"href":"https:\/\/proesport.es\/ca\/wp-json\/wp\/v2\/types\/page"}],"author":[{"embeddable":true,"href":"https:\/\/proesport.es\/ca\/wp-json\/wp\/v2\/users\/1"}],"replies":[{"embeddable":true,"href":"https:\/\/proesport.es\/ca\/wp-json\/wp\/v2\/comments?post=707"}],"version-history":[{"count":2,"href":"https:\/\/proesport.es\/ca\/wp-json\/wp\/v2\/pages\/707\/revisions"}],"predecessor-version":[{"id":3233,"href":"https:\/\/proesport.es\/ca\/wp-json\/wp\/v2\/pages\/707\/revisions\/3233"}],"wp:attachment":[{"href":"https:\/\/proesport.es\/ca\/wp-json\/wp\/v2\/media?parent=707"}],"curies":[{"name":"wp","href":"https:\/\/api.w.org\/{rel}","templated":true}]}}