{"id":3205,"date":"2025-09-09T11:17:02","date_gmt":"2025-09-09T11:17:02","guid":{"rendered":"https:\/\/proesport.es\/?page_id=3205"},"modified":"2025-09-24T11:10:44","modified_gmt":"2025-09-24T11:10:44","slug":"declaracion-de-accesibilidad","status":"publish","type":"page","link":"https:\/\/proesport.es\/ca\/declaracion-de-accesibilidad\/","title":{"rendered":"Declaraci\u00f3 d'Accessibilitat"},"content":{"rendered":"<p><strong>David Valeriano Torres<\/strong> se ha comprometido a hacer accesible la web <strong><a href=\"https:\/\/www.proesport.es\">https:\/\/www.proesport.es<\/a><\/strong>, de conformidad con la norma UNE-EN 301 549:2022, en aplicaci\u00f3n del Real Decreto 1112\/2018, de 7 de septiembre, sobre accesibilidad de los sitios web y aplicaciones para dispositivos m\u00f3viles del sector p\u00fablico.<\/p>\n\n\n\n<p>La presente declaraci\u00f3n de accesibilidad se aplica al sitio web indicado.<\/p>\n\n\n\n<h3 class=\"wp-block-heading\">Situaci\u00f3n de cumplimiento<\/h3>\n\n\n\n<p>Este sitio web es plenamente conforme con el Real Decreto 1112\/2018.<\/p>\n\n\n\n<p>La web ha sido evaluada conforme a los siguientes criterios:<\/p>\n\n\n\n<ul class=\"wp-block-list\">\n<li><strong>Perceptible<\/strong>: la informaci\u00f3n y los componentes de la interfaz son presentados de forma que pueden ser percibidos por los usuarios.<\/li>\n\n\n\n<li><strong>Operable<\/strong>: los componentes de la interfaz de usuario y la navegaci\u00f3n son manejables.<\/li>\n\n\n\n<li><strong>Comprensible<\/strong>: la informaci\u00f3n y el manejo de la interfaz de usuario son claros y previsibles.<\/li>\n\n\n\n<li><strong>Robusto<\/strong>: el contenido est\u00e1 dise\u00f1ado de manera que pueda ser interpretado de forma fiable por una amplia variedad de agentes de usuario, incluidas las ayudas t\u00e9cnicas.<\/li>\n<\/ul>\n\n\n\n<h3 class=\"wp-block-heading\">Preparaci\u00f3n de la presente declaraci\u00f3n de accesibilidad<\/h3>\n\n\n\n<p>La presente declaraci\u00f3n fue preparada el <strong>08 de septiembre de 2025<\/strong>.<\/p>\n\n\n\n<p>El m\u00e9todo empleado para preparar la declaraci\u00f3n ha sido una autoevaluaci\u00f3n realizada por <strong>David Valeriano Torres<\/strong> en combinaci\u00f3n con la herramienta de an\u00e1lisis de accesibilidad web <strong>TAW<\/strong>.<\/p>\n\n\n\n<p>La Declaraci\u00f3n de Accesibilidad ha sido revisada y actualizada en la misma fecha: <strong>08 de septiembre de 2025<\/strong>.<\/p>\n\n\n\n<h4 class=\"wp-block-heading\">Observaciones y datos de contacto<\/h4>\n\n\n\n<p>Puede realizar comunicaciones a trav\u00e9s del formulario de contacto de este sitio web sobre requisitos de accesibilidad (art\u00edculo 10.2.a del RD 1112\/2018) para:<\/p>\n\n\n\n<ul class=\"wp-block-list\">\n<li>Informar sobre cualquier posible incumplimiento por parte de este sitio web.<\/li>\n\n\n\n<li>Transmitir otras dificultades de acceso al contenido.<\/li>\n\n\n\n<li>Formular cualquier otra consulta o sugerencia de mejora relativa a la accesibilidad del sitio web.<\/li>\n<\/ul>\n\n\n\n<p>Cualquier persona f\u00edsica o jur\u00eddica puede formular quejas relativas al cumplimiento de los requisitos del Real Decreto 1112\/2018, de 7 de septiembre, as\u00ed como solicitar informaci\u00f3n relativa a contenidos que est\u00e9n excluidos del \u00e1mbito de aplicaci\u00f3n de esta normativa.<\/p>\n\n\n\n<p>Una vez recibida su consulta de informaci\u00f3n o queja, se dar\u00e1 respuesta en el menor tiempo posible.<\/p>\n\n\n\n<h4 class=\"wp-block-heading\">Nuestro compromiso con la accesibilidad<\/h4>\n\n\n\n<p>En este sitio web se han adoptado una serie de medidas cuyo objetivo es mejorar la accesibilidad, entre las que destacan:<\/p>\n\n\n\n<ul class=\"wp-block-list\">\n<li>Incluir contenidos claros y bien estructurados.<\/li>\n\n\n\n<li>Mejorar la navegaci\u00f3n y la experiencia del usuario.<\/li>\n\n\n\n<li>Garantizar la compatibilidad con los principales navegadores y dispositivos.<\/li>\n\n\n\n<li>Aplicar est\u00e1ndares y buenas pr\u00e1cticas en accesibilidad web.<\/li>\n<\/ul>","protected":false},"excerpt":{"rendered":"<p>David Valeriano Torres se ha comprometido a hacer accesible la web https:\/\/www.proesport.es, de conformidad con la norma UNE-EN 301 549:2022, en aplicaci\u00f3n del Real Decreto 1112\/2018, de 7 de septiembre, sobre accesibilidad de los sitios web y aplicaciones para dispositivos m\u00f3viles del sector p\u00fablico. La presente declaraci\u00f3n de accesibilidad se aplica al sitio web indicado. [&hellip;]<\/p>","protected":false},"author":1,"featured_media":0,"parent":0,"menu_order":0,"comment_status":"closed","ping_status":"closed","template":"","meta":{"footnotes":""},"class_list":["post-3205","page","type-page","status-publish","hentry"],"yoast_head":"<!-- This site is optimized with the Yoast SEO plugin v26.3 - https:\/\/yoast.com\/wordpress\/plugins\/seo\/ -->\n<title>Declaraci\u00f3n de Accesibilidad | Proesport<\/title>\n<meta name=\"robots\" content=\"noindex, nofollow\" \/>\n<meta property=\"og:locale\" content=\"ca_ES\" \/>\n<meta property=\"og:type\" content=\"article\" \/>\n<meta property=\"og:title\" content=\"Declaraci\u00f3n de Accesibilidad | Proesport\" \/>\n<meta property=\"og:description\" content=\"David Valeriano Torres se ha comprometido a hacer accesible la web https:\/\/www.proesport.es, de conformidad con la norma UNE-EN 301 549:2022, en aplicaci\u00f3n del Real Decreto 1112\/2018, de 7 de septiembre, sobre accesibilidad de los sitios web y aplicaciones para dispositivos m\u00f3viles del sector p\u00fablico. La presente declaraci\u00f3n de accesibilidad se aplica al sitio web indicado. [&hellip;]\" \/>\n<meta property=\"og:url\" content=\"https:\/\/proesport.es\/ca\/declaracion-de-accesibilidad\/\" \/>\n<meta property=\"og:site_name\" content=\"Proesport\" \/>\n<meta property=\"article:modified_time\" content=\"2025-09-24T11:10:44+00:00\" \/>\n<meta name=\"twitter:card\" content=\"summary_large_image\" \/>\n<meta name=\"twitter:label1\" content=\"Temps estimat de lectura\" \/>\n\t<meta name=\"twitter:data1\" content=\"2 minuts\" \/>\n<script type=\"application\/ld+json\" class=\"yoast-schema-graph\">{\"@context\":\"https:\/\/schema.org\",\"@graph\":[{\"@type\":\"WebPage\",\"@id\":\"https:\/\/proesport.es\/declaracion-de-accesibilidad\/\",\"url\":\"https:\/\/proesport.es\/declaracion-de-accesibilidad\/\",\"name\":\"Declaraci\u00f3n de Accesibilidad | Proesport\",\"isPartOf\":{\"@id\":\"https:\/\/proesport.es\/#website\"},\"datePublished\":\"2025-09-09T11:17:02+00:00\",\"dateModified\":\"2025-09-24T11:10:44+00:00\",\"breadcrumb\":{\"@id\":\"https:\/\/proesport.es\/declaracion-de-accesibilidad\/#breadcrumb\"},\"inLanguage\":\"ca\",\"potentialAction\":[{\"@type\":\"ReadAction\",\"target\":[\"https:\/\/proesport.es\/declaracion-de-accesibilidad\/\"]}]},{\"@type\":\"BreadcrumbList\",\"@id\":\"https:\/\/proesport.es\/declaracion-de-accesibilidad\/#breadcrumb\",\"itemListElement\":[{\"@type\":\"ListItem\",\"position\":1,\"name\":\"Portada\",\"item\":\"https:\/\/proesport.es\/\"},{\"@type\":\"ListItem\",\"position\":2,\"name\":\"Declaraci\u00f3n de Accesibilidad\"}]},{\"@type\":\"WebSite\",\"@id\":\"https:\/\/proesport.es\/#website\",\"url\":\"https:\/\/proesport.es\/\",\"name\":\"Proesport\",\"description\":\"Asesoramiento Integral Deportivo\",\"alternateName\":\"Proesport\",\"potentialAction\":[{\"@type\":\"SearchAction\",\"target\":{\"@type\":\"EntryPoint\",\"urlTemplate\":\"https:\/\/proesport.es\/?s={search_term_string}\"},\"query-input\":{\"@type\":\"PropertyValueSpecification\",\"valueRequired\":true,\"valueName\":\"search_term_string\"}}],\"inLanguage\":\"ca\"}]}<\/script>\n<!-- \/ Yoast SEO plugin. -->","yoast_head_json":{"title":"Declaraci\u00f3n de Accesibilidad | Proesport","robots":{"index":"noindex","follow":"nofollow"},"og_locale":"ca_ES","og_type":"article","og_title":"Declaraci\u00f3n de Accesibilidad | Proesport","og_description":"David Valeriano Torres se ha comprometido a hacer accesible la web https:\/\/www.proesport.es, de conformidad con la norma UNE-EN 301 549:2022, en aplicaci\u00f3n del Real Decreto 1112\/2018, de 7 de septiembre, sobre accesibilidad de los sitios web y aplicaciones para dispositivos m\u00f3viles del sector p\u00fablico. La presente declaraci\u00f3n de accesibilidad se aplica al sitio web indicado. [&hellip;]","og_url":"https:\/\/proesport.es\/ca\/declaracion-de-accesibilidad\/","og_site_name":"Proesport","article_modified_time":"2025-09-24T11:10:44+00:00","twitter_card":"summary_large_image","twitter_misc":{"Temps estimat de lectura":"2 minuts"},"schema":{"@context":"https:\/\/schema.org","@graph":[{"@type":"WebPage","@id":"https:\/\/proesport.es\/declaracion-de-accesibilidad\/","url":"https:\/\/proesport.es\/declaracion-de-accesibilidad\/","name":"Declaraci\u00f3n de Accesibilidad | Proesport","isPartOf":{"@id":"https:\/\/proesport.es\/#website"},"datePublished":"2025-09-09T11:17:02+00:00","dateModified":"2025-09-24T11:10:44+00:00","breadcrumb":{"@id":"https:\/\/proesport.es\/declaracion-de-accesibilidad\/#breadcrumb"},"inLanguage":"ca","potentialAction":[{"@type":"ReadAction","target":["https:\/\/proesport.es\/declaracion-de-accesibilidad\/"]}]},{"@type":"BreadcrumbList","@id":"https:\/\/proesport.es\/declaracion-de-accesibilidad\/#breadcrumb","itemListElement":[{"@type":"ListItem","position":1,"name":"Portada","item":"https:\/\/proesport.es\/"},{"@type":"ListItem","position":2,"name":"Declaraci\u00f3n de Accesibilidad"}]},{"@type":"WebSite","@id":"https:\/\/proesport.es\/#website","url":"https:\/\/proesport.es\/","name":"Proesport","description":"Asesoramiento Integral Deportivo","alternateName":"Proesport","potentialAction":[{"@type":"SearchAction","target":{"@type":"EntryPoint","urlTemplate":"https:\/\/proesport.es\/?s={search_term_string}"},"query-input":{"@type":"PropertyValueSpecification","valueRequired":true,"valueName":"search_term_string"}}],"inLanguage":"ca"}]}},"_links":{"self":[{"href":"https:\/\/proesport.es\/ca\/wp-json\/wp\/v2\/pages\/3205","targetHints":{"allow":["GET"]}}],"collection":[{"href":"https:\/\/proesport.es\/ca\/wp-json\/wp\/v2\/pages"}],"about":[{"href":"https:\/\/proesport.es\/ca\/wp-json\/wp\/v2\/types\/page"}],"author":[{"embeddable":true,"href":"https:\/\/proesport.es\/ca\/wp-json\/wp\/v2\/users\/1"}],"replies":[{"embeddable":true,"href":"https:\/\/proesport.es\/ca\/wp-json\/wp\/v2\/comments?post=3205"}],"version-history":[{"count":3,"href":"https:\/\/proesport.es\/ca\/wp-json\/wp\/v2\/pages\/3205\/revisions"}],"predecessor-version":[{"id":3234,"href":"https:\/\/proesport.es\/ca\/wp-json\/wp\/v2\/pages\/3205\/revisions\/3234"}],"wp:attachment":[{"href":"https:\/\/proesport.es\/ca\/wp-json\/wp\/v2\/media?parent=3205"}],"curies":[{"name":"wp","href":"https:\/\/api.w.org\/{rel}","templated":true}]}}