{"id":2114,"date":"2025-08-17T13:00:16","date_gmt":"2025-08-17T13:00:16","guid":{"rendered":"https:\/\/proesport.es\/?page_id=2114"},"modified":"2025-09-24T11:10:32","modified_gmt":"2025-09-24T11:10:32","slug":"cuestionario","status":"publish","type":"page","link":"https:\/\/proesport.es\/ca\/cuestionario\/","title":{"rendered":"Cuestionario"},"content":{"rendered":"<p>[fluentform type=&#8221;conversational&#8221; id=&#8221;3&#8243;]<\/p>","protected":false},"excerpt":{"rendered":"","protected":false},"author":1,"featured_media":0,"parent":0,"menu_order":0,"comment_status":"closed","ping_status":"closed","template":"","meta":{"footnotes":""},"class_list":["post-2114","page","type-page","status-publish","hentry"],"yoast_head":"<!-- This site is optimized with the Yoast SEO plugin v26.3 - https:\/\/yoast.com\/wordpress\/plugins\/seo\/ -->\n<title>Cuestionario | Proesport - Test gratuito<\/title>\n<meta name=\"description\" content=\"Responde 10 preguntas y obt\u00e9n una primera valoraci\u00f3n de la gesti\u00f3n de tu entidad. Recomendaciones inmediatas y resultado en minutos.\" \/>\n<meta name=\"robots\" content=\"noindex, nofollow\" \/>\n<meta property=\"og:locale\" content=\"ca_ES\" \/>\n<meta property=\"og:type\" content=\"article\" \/>\n<meta property=\"og:title\" content=\"Cuestionario | Proesport - Test gratuito\" \/>\n<meta property=\"og:description\" content=\"Responde 10 preguntas y obt\u00e9n una primera valoraci\u00f3n de la gesti\u00f3n de tu entidad. Recomendaciones inmediatas y resultado en minutos.\" \/>\n<meta property=\"og:url\" content=\"https:\/\/proesport.es\/ca\/cuestionario\/\" \/>\n<meta property=\"og:site_name\" content=\"Proesport\" \/>\n<meta property=\"article:modified_time\" content=\"2025-09-24T11:10:32+00:00\" \/>\n<meta name=\"twitter:card\" content=\"summary_large_image\" \/>\n<meta name=\"twitter:label1\" content=\"Temps estimat de lectura\" \/>\n\t<meta name=\"twitter:data1\" content=\"2 minuts\" \/>\n<script type=\"application\/ld+json\" class=\"yoast-schema-graph\">{\"@context\":\"https:\/\/schema.org\",\"@graph\":[{\"@type\":\"WebPage\",\"@id\":\"https:\/\/proesport.es\/cuestionario\/\",\"url\":\"https:\/\/proesport.es\/cuestionario\/\",\"name\":\"Cuestionario | Proesport - Test gratuito\",\"isPartOf\":{\"@id\":\"https:\/\/proesport.es\/#website\"},\"datePublished\":\"2025-08-17T13:00:16+00:00\",\"dateModified\":\"2025-09-24T11:10:32+00:00\",\"description\":\"Responde 10 preguntas y obt\u00e9n una primera valoraci\u00f3n de la gesti\u00f3n de tu entidad. Recomendaciones inmediatas y resultado en minutos.\",\"breadcrumb\":{\"@id\":\"https:\/\/proesport.es\/cuestionario\/#breadcrumb\"},\"inLanguage\":\"ca\",\"potentialAction\":[{\"@type\":\"ReadAction\",\"target\":[\"https:\/\/proesport.es\/cuestionario\/\"]}]},{\"@type\":\"BreadcrumbList\",\"@id\":\"https:\/\/proesport.es\/cuestionario\/#breadcrumb\",\"itemListElement\":[{\"@type\":\"ListItem\",\"position\":1,\"name\":\"Portada\",\"item\":\"https:\/\/proesport.es\/\"},{\"@type\":\"ListItem\",\"position\":2,\"name\":\"Cuestionario\"}]},{\"@type\":\"WebSite\",\"@id\":\"https:\/\/proesport.es\/#website\",\"url\":\"https:\/\/proesport.es\/\",\"name\":\"Proesport\",\"description\":\"Asesoramiento Integral Deportivo\",\"alternateName\":\"Proesport\",\"potentialAction\":[{\"@type\":\"SearchAction\",\"target\":{\"@type\":\"EntryPoint\",\"urlTemplate\":\"https:\/\/proesport.es\/?s={search_term_string}\"},\"query-input\":{\"@type\":\"PropertyValueSpecification\",\"valueRequired\":true,\"valueName\":\"search_term_string\"}}],\"inLanguage\":\"ca\"}]}<\/script>\n<!-- \/ Yoast SEO plugin. -->","yoast_head_json":{"title":"Cuestionario | Proesport - Test gratuito","description":"Responde 10 preguntas y obt\u00e9n una primera valoraci\u00f3n de la gesti\u00f3n de tu entidad. Recomendaciones inmediatas y resultado en minutos.","robots":{"index":"noindex","follow":"nofollow"},"og_locale":"ca_ES","og_type":"article","og_title":"Cuestionario | Proesport - Test gratuito","og_description":"Responde 10 preguntas y obt\u00e9n una primera valoraci\u00f3n de la gesti\u00f3n de tu entidad. Recomendaciones inmediatas y resultado en minutos.","og_url":"https:\/\/proesport.es\/ca\/cuestionario\/","og_site_name":"Proesport","article_modified_time":"2025-09-24T11:10:32+00:00","twitter_card":"summary_large_image","twitter_misc":{"Temps estimat de lectura":"2 minuts"},"schema":{"@context":"https:\/\/schema.org","@graph":[{"@type":"WebPage","@id":"https:\/\/proesport.es\/cuestionario\/","url":"https:\/\/proesport.es\/cuestionario\/","name":"Cuestionario | Proesport - Test gratuito","isPartOf":{"@id":"https:\/\/proesport.es\/#website"},"datePublished":"2025-08-17T13:00:16+00:00","dateModified":"2025-09-24T11:10:32+00:00","description":"Responde 10 preguntas y obt\u00e9n una primera valoraci\u00f3n de la gesti\u00f3n de tu entidad. Recomendaciones inmediatas y resultado en minutos.","breadcrumb":{"@id":"https:\/\/proesport.es\/cuestionario\/#breadcrumb"},"inLanguage":"ca","potentialAction":[{"@type":"ReadAction","target":["https:\/\/proesport.es\/cuestionario\/"]}]},{"@type":"BreadcrumbList","@id":"https:\/\/proesport.es\/cuestionario\/#breadcrumb","itemListElement":[{"@type":"ListItem","position":1,"name":"Portada","item":"https:\/\/proesport.es\/"},{"@type":"ListItem","position":2,"name":"Cuestionario"}]},{"@type":"WebSite","@id":"https:\/\/proesport.es\/#website","url":"https:\/\/proesport.es\/","name":"Proesport","description":"Asesoramiento Integral Deportivo","alternateName":"Proesport","potentialAction":[{"@type":"SearchAction","target":{"@type":"EntryPoint","urlTemplate":"https:\/\/proesport.es\/?s={search_term_string}"},"query-input":{"@type":"PropertyValueSpecification","valueRequired":true,"valueName":"search_term_string"}}],"inLanguage":"ca"}]}},"_links":{"self":[{"href":"https:\/\/proesport.es\/ca\/wp-json\/wp\/v2\/pages\/2114","targetHints":{"allow":["GET"]}}],"collection":[{"href":"https:\/\/proesport.es\/ca\/wp-json\/wp\/v2\/pages"}],"about":[{"href":"https:\/\/proesport.es\/ca\/wp-json\/wp\/v2\/types\/page"}],"author":[{"embeddable":true,"href":"https:\/\/proesport.es\/ca\/wp-json\/wp\/v2\/users\/1"}],"replies":[{"embeddable":true,"href":"https:\/\/proesport.es\/ca\/wp-json\/wp\/v2\/comments?post=2114"}],"version-history":[{"count":73,"href":"https:\/\/proesport.es\/ca\/wp-json\/wp\/v2\/pages\/2114\/revisions"}],"predecessor-version":[{"id":3349,"href":"https:\/\/proesport.es\/ca\/wp-json\/wp\/v2\/pages\/2114\/revisions\/3349"}],"wp:attachment":[{"href":"https:\/\/proesport.es\/ca\/wp-json\/wp\/v2\/media?parent=2114"}],"curies":[{"name":"wp","href":"https:\/\/api.w.org\/{rel}","templated":true}]}}